{"id":475,"date":"2016-02-09T13:35:56","date_gmt":"2016-02-09T12:35:56","guid":{"rendered":"https:\/\/megafonen.nu\/annons\/?page_id=475"},"modified":"2025-12-19T15:44:51","modified_gmt":"2025-12-19T14:44:51","slug":"utgivningsomrade","status":"publish","type":"page","link":"https:\/\/megafonen.se\/annons\/utgivningsomrade\/","title":{"rendered":"Utgivningsomr\u00e5de &#038; utgivningsdatum"},"content":{"rendered":"<div  class=\"ut-one-half  \">\n<p><img loading=\"lazy\" decoding=\"async\" class=\"alignnone size-full wp-image-679\" src=\"https:\/\/megafonen.nu\/annons\/wp-content\/uploads\/2016\/01\/900_karta_kommun_2.jpg\" alt=\"\" width=\"900\" height=\"900\" srcset=\"https:\/\/megafonen.se\/annons\/wp-content\/uploads\/2016\/01\/900_karta_kommun_2.jpg 900w, https:\/\/megafonen.se\/annons\/wp-content\/uploads\/2016\/01\/900_karta_kommun_2-500x500.jpg 500w\" sizes=\"auto, (max-width: 900px) 100vw, 900px\" \/><\/p>\n<\/div>\n<div  class=\"ut-one-half ut-column-last  \">\n<h2><\/h2>\n<h2>Megafonentidningen<\/h2>\n<p>Megafonens totala upplaga \u00e4r 33 500 ex. Tidningen delas ut till <strong>hush\u00e5ll<\/strong> i Skellefte\u00e5 kommun, samt till fler \u00e4n <strong>2500 f\u00f6retagsadresser<\/strong> i hela kommunen. Distributionen st\u00e5r PostNord och Svensk Hemleverans f\u00f6r. <strong>\u00c4ven de med \u201dej reklam\u201d p\u00e5 brevl\u00e5dan f\u00e5r tidningen. <\/strong><strong><br \/>\n<\/strong><\/p>\n<p>Tidningen g\u00e5r \u00e4ven att hitta <strong>p\u00e5 Megafonen.se<\/strong> eller <strong>i n\u00e5got av de st\u00e4ll<\/strong> vi har p\u00e5 bland annat bibliotek, hotell och shoppingcentrum runt om i Skellefte\u00e5.<\/p>\n<p>Hemsidan Megafonen.se har varje m\u00e5nad<strong> cirka 150 000 sidvisningar<\/strong>*.<\/p>\n<p><em>*Vi m\u00e4ter statistiken med Google Analytics.<\/em><\/p>\n<\/div><div class=\"clear\"><\/div>\n<h6 class=\"ut-title-divider \" ><span><\/span><\/h6>\n<h1 style=\"text-align: center;\">Utgivningsdatum 2026<\/h1>\n<div  class=\"ut-one-half  \">\n<p><img loading=\"lazy\" decoding=\"async\" class=\"alignnone wp-image-773 size-full\" src=\"https:\/\/megafonen.se\/annons\/wp-content\/uploads\/2023\/01\/1600_megafonen_publ_17_2022_flera2.jpg\" alt=\"\" width=\"1600\" height=\"1061\" srcset=\"https:\/\/megafonen.se\/annons\/wp-content\/uploads\/2023\/01\/1600_megafonen_publ_17_2022_flera2.jpg 1600w, https:\/\/megafonen.se\/annons\/wp-content\/uploads\/2023\/01\/1600_megafonen_publ_17_2022_flera2-500x332.jpg 500w, https:\/\/megafonen.se\/annons\/wp-content\/uploads\/2023\/01\/1600_megafonen_publ_17_2022_flera2-1024x679.jpg 1024w, https:\/\/megafonen.se\/annons\/wp-content\/uploads\/2023\/01\/1600_megafonen_publ_17_2022_flera2-1536x1019.jpg 1536w\" sizes=\"auto, (max-width: 1600px) 100vw, 1600px\" \/><\/p>\n<\/div>\n<div  class=\"ut-one-half ut-column-last  \">\n<p><a href=\"https:\/\/megafonen.se\/annons\/wp-content\/uploads\/2025\/12\/2026_megafonen_utgivningsplan.png\"><img loading=\"lazy\" decoding=\"async\" class=\"alignnone wp-image-845 size-large\" src=\"https:\/\/megafonen.se\/annons\/wp-content\/uploads\/2025\/12\/2026_megafonen_utgivningsplan-1024x576.png\" alt=\"\" width=\"1024\" height=\"576\" srcset=\"https:\/\/megafonen.se\/annons\/wp-content\/uploads\/2025\/12\/2026_megafonen_utgivningsplan-1024x576.png 1024w, https:\/\/megafonen.se\/annons\/wp-content\/uploads\/2025\/12\/2026_megafonen_utgivningsplan-500x281.png 500w, https:\/\/megafonen.se\/annons\/wp-content\/uploads\/2025\/12\/2026_megafonen_utgivningsplan-1536x864.png 1536w, https:\/\/megafonen.se\/annons\/wp-content\/uploads\/2025\/12\/2026_megafonen_utgivningsplan-2048x1152.png 2048w\" sizes=\"auto, (max-width: 1024px) 100vw, 1024px\" \/><\/a><br \/>\n<\/div><div class=\"clear\"><\/div>\n<p style=\"text-align: center;\"><h6 class=\"ut-title-divider \" ><span><\/span><\/h6><\/p>\n<h1 style=\"text-align: center;\">L\u00c4S MER:<\/h1>\n<p style=\"text-align: center;\"><a href=\"https:\/\/megafonen.nu\/annons\/#section-prislista\">Priser &amp; storlekar \u00bb<\/a>\u00a0\u00a0 <a href=\"https:\/\/megafonen.nu\/annons\/annonsproduktion\/\">Annonsproduktion \u00bb<\/a> \u00a0 <a href=\"https:\/\/privacy.ntm.se\/kundinfo\/persondata\/artikel\/integritetspolicy-for-ntms-annonskunder\/rg8887el\">Integritetspolicy \u00bb<\/a><\/p>\n<h6 class=\"ut-title-divider \" ><span><\/span><\/h6>\n<h1 style=\"text-align: center;\">Har du fr\u00e5gor eller vill boka en annons?<\/h1>\n<p style=\"text-align: center;\">Kontakta oss via e-post eller sl\u00e5 en signal s\u00e5 hj\u00e4lper vi dig med hur ditt f\u00f6retag p\u00e5 b\u00e4sta s\u00e4tt kan synas i Megafonen.<\/p>\n<div  class=\"ut-one-third  \">\n<p><img loading=\"lazy\" decoding=\"async\" class=\"alignnone wp-image-833 aligncenter\" src=\"https:\/\/megafonen.se\/annons\/wp-content\/uploads\/2025\/02\/500_malin.jpg\" alt=\"\" width=\"300\" height=\"300\" \/><\/p>\n<h2 style=\"text-align: center;\">Malin Eriksson<\/h2>\n<p style=\"text-align: center;\"><strong>Kontorsansvarig \/ Teamlead s\u00e4lj<\/strong><br \/>\n<a href=\"tel:070 - 461 73 50\">070 \u2013 461 73 50<\/a><a href=\"mailto:peter@megafonen.nu\"><br \/>\n<\/a><a href=\"mailto:malin@megafonen.se\">malin@megafonen.se<\/a><\/p>\n<\/div>\n<div  class=\"ut-one-third  \">\n<p style=\"text-align: center;\"><img loading=\"lazy\" decoding=\"async\" class=\"alignnone wp-image-567\" src=\"https:\/\/megafonen.nu\/annons\/wp-content\/uploads\/2016\/01\/500_frida.jpg\" alt=\"500_frida\" width=\"300\" height=\"300\" \/><\/p>\n<h2 style=\"text-align: center;\">Frida Granlund<\/h2>\n<p style=\"text-align: center;\"><strong>S\u00e4ljare<\/strong><br \/>\n076-281 90 09<br \/>\n<a href=\"mailto:frida@megafonen.nu\">frida@megafonen.nu<\/a><\/p>\n<\/div>\n<div  class=\"ut-one-third ut-column-last  \">\n<h2 style=\"text-align: center;\"><img loading=\"lazy\" decoding=\"async\" class=\"alignnone wp-image-42015 aligncenter\" src=\"https:\/\/megafonen.se\/wp\/wp-content\/uploads\/2023\/09\/500_lina1.jpg\" alt=\"Lina B\u00e4ckman\" width=\"300\" height=\"300\" \/><br \/>\n<strong>Lina B\u00e4ckman<\/strong><\/h2>\n<p style=\"text-align: center;\"><strong>S\u00e4ljare<\/strong><br \/>\n<a href=\"tel:0738680465\">073 \u2013 868 04 65<\/a><br \/>\n<a href=\"mailto:lina@megafonen.se\">lina@megafonen.se<\/a><\/p>\n<\/div><div class=\"clear\"><\/div>\n<h6 class=\"ut-title-divider \" ><span><\/span><\/h6><\/p>\n<h1 style=\"text-align: center;\">L\u00c4S MER:<\/h1>\n<p style=\"text-align: center;\"><a href=\"https:\/\/megafonen.nu\/annons\/#section-prislista\">Priser &amp; storlekar \u00bb<\/a>\u00a0\u00a0 <a href=\"https:\/\/megafonen.nu\/annons\/annonsproduktion\/\">Annonsproduktion \u00bb<\/a><\/p>\n<p>&nbsp;<\/p>\n","protected":false},"excerpt":{"rendered":"<p>Utgivningsdatum 2026 L\u00c4S MER: Priser &amp; storlekar \u00bb\u00a0\u00a0 Annonsproduktion \u00bb \u00a0 Integritetspolicy \u00bb Har du fr\u00e5gor eller vill boka en annons? Kontakta oss via e-post eller sl\u00e5 en signal s\u00e5 hj\u00e4lper vi dig med hur ditt f\u00f6retag p\u00e5 b\u00e4sta s\u00e4tt kan synas i Megafonen. L\u00c4S MER: Priser &amp; storlekar \u00bb\u00a0\u00a0 Annonsproduktion \u00bb &nbsp;<\/p>\n","protected":false},"author":1,"featured_media":0,"parent":0,"menu_order":0,"comment_status":"closed","ping_status":"closed","template":"","meta":{"footnotes":""},"class_list":["post-475","page","type-page","status-publish","hentry"],"_links":{"self":[{"href":"https:\/\/megafonen.se\/annons\/wp-json\/wp\/v2\/pages\/475","targetHints":{"allow":["GET"]}}],"collection":[{"href":"https:\/\/megafonen.se\/annons\/wp-json\/wp\/v2\/pages"}],"about":[{"href":"https:\/\/megafonen.se\/annons\/wp-json\/wp\/v2\/types\/page"}],"author":[{"embeddable":true,"href":"https:\/\/megafonen.se\/annons\/wp-json\/wp\/v2\/users\/1"}],"replies":[{"embeddable":true,"href":"https:\/\/megafonen.se\/annons\/wp-json\/wp\/v2\/comments?post=475"}],"version-history":[{"count":47,"href":"https:\/\/megafonen.se\/annons\/wp-json\/wp\/v2\/pages\/475\/revisions"}],"predecessor-version":[{"id":846,"href":"https:\/\/megafonen.se\/annons\/wp-json\/wp\/v2\/pages\/475\/revisions\/846"}],"wp:attachment":[{"href":"https:\/\/megafonen.se\/annons\/wp-json\/wp\/v2\/media?parent=475"}],"curies":[{"name":"wp","href":"https:\/\/api.w.org\/{rel}","templated":true}]}}